{"id":100,"date":"2023-06-26T15:50:05","date_gmt":"2023-06-26T13:50:05","guid":{"rendered":"http:\/\/mine2rien.fr\/?page_id=100"},"modified":"2024-02-12T15:03:34","modified_gmt":"2024-02-12T14:03:34","slug":"bibliotheque","status":"publish","type":"page","link":"http:\/\/mine2rien.fr\/index.php\/bibliotheque\/","title":{"rendered":"Biblioth\u00e8que"},"content":{"rendered":"\n<p>j&rsquo;ai choisi de vous partager quelques unes de mes meilleures lectures. Elles m&rsquo;ont toutes inspir\u00e9es et totalement \u00e9merveill\u00e9es. Certains livres sont pour moi d&rsquo;authentiques r\u00e9f\u00e9rences, d&rsquo;autres sont de vrai d\u00e9couvertes ou simplement des coup de c\u0153urs. En vous souhaitant une bonne lecture.<\/p>\n\n\n\n<div class=\"wp-block-columns is-layout-flex wp-container-core-columns-is-layout-9d6595d7 wp-block-columns-is-layout-flex\">\n<div class=\"wp-block-column is-layout-flow wp-block-column-is-layout-flow\">\n<figure class=\"wp-block-image size-large\"><img loading=\"lazy\" decoding=\"async\" width=\"576\" height=\"1024\" src=\"http:\/\/mine2rien.fr\/wp-content\/uploads\/2023\/06\/20200721_170215-576x1024.jpg\" alt=\"\" class=\"wp-image-174\" srcset=\"http:\/\/mine2rien.fr\/wp-content\/uploads\/2023\/06\/20200721_170215-576x1024.jpg 576w, http:\/\/mine2rien.fr\/wp-content\/uploads\/2023\/06\/20200721_170215-169x300.jpg 169w, http:\/\/mine2rien.fr\/wp-content\/uploads\/2023\/06\/20200721_170215-768x1365.jpg 768w, http:\/\/mine2rien.fr\/wp-content\/uploads\/2023\/06\/20200721_170215-864x1536.jpg 864w, http:\/\/mine2rien.fr\/wp-content\/uploads\/2023\/06\/20200721_170215-1152x2048.jpg 1152w, http:\/\/mine2rien.fr\/wp-content\/uploads\/2023\/06\/20200721_170215-1024x1820.jpg 1024w, http:\/\/mine2rien.fr\/wp-content\/uploads\/2023\/06\/20200721_170215-608x1080.jpg 608w, http:\/\/mine2rien.fr\/wp-content\/uploads\/2023\/06\/20200721_170215-scaled.jpg 1440w\" sizes=\"auto, (max-width: 576px) 100vw, 576px\" \/><\/figure>\n\n\n\n<figure class=\"wp-block-image size-large\"><img loading=\"lazy\" decoding=\"async\" width=\"576\" height=\"1024\" src=\"http:\/\/mine2rien.fr\/wp-content\/uploads\/2023\/06\/20200917_163456-576x1024.jpg\" alt=\"\" class=\"wp-image-180\" srcset=\"http:\/\/mine2rien.fr\/wp-content\/uploads\/2023\/06\/20200917_163456-576x1024.jpg 576w, http:\/\/mine2rien.fr\/wp-content\/uploads\/2023\/06\/20200917_163456-169x300.jpg 169w, http:\/\/mine2rien.fr\/wp-content\/uploads\/2023\/06\/20200917_163456-768x1365.jpg 768w, http:\/\/mine2rien.fr\/wp-content\/uploads\/2023\/06\/20200917_163456-864x1536.jpg 864w, http:\/\/mine2rien.fr\/wp-content\/uploads\/2023\/06\/20200917_163456-1152x2048.jpg 1152w, http:\/\/mine2rien.fr\/wp-content\/uploads\/2023\/06\/20200917_163456-1024x1820.jpg 1024w, http:\/\/mine2rien.fr\/wp-content\/uploads\/2023\/06\/20200917_163456-608x1080.jpg 608w, http:\/\/mine2rien.fr\/wp-content\/uploads\/2023\/06\/20200917_163456-scaled.jpg 1440w\" sizes=\"auto, (max-width: 576px) 100vw, 576px\" \/><\/figure>\n\n\n\n<figure class=\"wp-block-image size-large\"><img loading=\"lazy\" decoding=\"async\" width=\"1024\" height=\"768\" src=\"http:\/\/mine2rien.fr\/wp-content\/uploads\/2023\/06\/Et-si-je-vous-.-1-1024x768.jpg\" alt=\"\" class=\"wp-image-183\" srcset=\"http:\/\/mine2rien.fr\/wp-content\/uploads\/2023\/06\/Et-si-je-vous-.-1-1024x768.jpg 1024w, http:\/\/mine2rien.fr\/wp-content\/uploads\/2023\/06\/Et-si-je-vous-.-1-300x225.jpg 300w, http:\/\/mine2rien.fr\/wp-content\/uploads\/2023\/06\/Et-si-je-vous-.-1-768x576.jpg 768w, http:\/\/mine2rien.fr\/wp-content\/uploads\/2023\/06\/Et-si-je-vous-.-1-1536x1152.jpg 1536w, http:\/\/mine2rien.fr\/wp-content\/uploads\/2023\/06\/Et-si-je-vous-.-1-2048x1536.jpg 2048w, http:\/\/mine2rien.fr\/wp-content\/uploads\/2023\/06\/Et-si-je-vous-.-1-1440x1080.jpg 1440w\" sizes=\"auto, (max-width: 1024px) 100vw, 1024px\" \/><\/figure>\n\n\n\n<figure class=\"wp-block-image size-large\"><img loading=\"lazy\" decoding=\"async\" width=\"768\" height=\"1024\" src=\"http:\/\/mine2rien.fr\/wp-content\/uploads\/2023\/06\/20201226_105147-768x1024.jpg\" alt=\"\" class=\"wp-image-194\" srcset=\"http:\/\/mine2rien.fr\/wp-content\/uploads\/2023\/06\/20201226_105147-768x1024.jpg 768w, http:\/\/mine2rien.fr\/wp-content\/uploads\/2023\/06\/20201226_105147-225x300.jpg 225w, http:\/\/mine2rien.fr\/wp-content\/uploads\/2023\/06\/20201226_105147-1152x1536.jpg 1152w, http:\/\/mine2rien.fr\/wp-content\/uploads\/2023\/06\/20201226_105147-1536x2048.jpg 1536w, http:\/\/mine2rien.fr\/wp-content\/uploads\/2023\/06\/20201226_105147-1024x1365.jpg 1024w, http:\/\/mine2rien.fr\/wp-content\/uploads\/2023\/06\/20201226_105147-810x1080.jpg 810w, http:\/\/mine2rien.fr\/wp-content\/uploads\/2023\/06\/20201226_105147-scaled.jpg 1920w\" sizes=\"auto, (max-width: 768px) 100vw, 768px\" \/><\/figure>\n\n\n\n<figure class=\"wp-block-image size-large\"><img loading=\"lazy\" decoding=\"async\" width=\"768\" height=\"1024\" src=\"http:\/\/mine2rien.fr\/wp-content\/uploads\/2023\/06\/20210326_093144-768x1024.jpg\" alt=\"\" class=\"wp-image-196\" srcset=\"http:\/\/mine2rien.fr\/wp-content\/uploads\/2023\/06\/20210326_093144-768x1024.jpg 768w, http:\/\/mine2rien.fr\/wp-content\/uploads\/2023\/06\/20210326_093144-225x300.jpg 225w, http:\/\/mine2rien.fr\/wp-content\/uploads\/2023\/06\/20210326_093144-1152x1536.jpg 1152w, http:\/\/mine2rien.fr\/wp-content\/uploads\/2023\/06\/20210326_093144-1536x2048.jpg 1536w, http:\/\/mine2rien.fr\/wp-content\/uploads\/2023\/06\/20210326_093144-1024x1365.jpg 1024w, http:\/\/mine2rien.fr\/wp-content\/uploads\/2023\/06\/20210326_093144-810x1080.jpg 810w, http:\/\/mine2rien.fr\/wp-content\/uploads\/2023\/06\/20210326_093144-scaled.jpg 1920w\" sizes=\"auto, (max-width: 768px) 100vw, 768px\" \/><\/figure>\n<\/div>\n\n\n\n<div class=\"wp-block-column is-layout-flow wp-block-column-is-layout-flow\">\n<figure class=\"wp-block-image size-large\"><img loading=\"lazy\" decoding=\"async\" width=\"684\" height=\"1024\" src=\"http:\/\/mine2rien.fr\/wp-content\/uploads\/2023\/06\/20200315_114050-1-684x1024.jpg\" alt=\"\" class=\"wp-image-175\" srcset=\"http:\/\/mine2rien.fr\/wp-content\/uploads\/2023\/06\/20200315_114050-1-684x1024.jpg 684w, http:\/\/mine2rien.fr\/wp-content\/uploads\/2023\/06\/20200315_114050-1-200x300.jpg 200w, http:\/\/mine2rien.fr\/wp-content\/uploads\/2023\/06\/20200315_114050-1-768x1151.jpg 768w, http:\/\/mine2rien.fr\/wp-content\/uploads\/2023\/06\/20200315_114050-1-1025x1536.jpg 1025w, http:\/\/mine2rien.fr\/wp-content\/uploads\/2023\/06\/20200315_114050-1-1367x2048.jpg 1367w, http:\/\/mine2rien.fr\/wp-content\/uploads\/2023\/06\/20200315_114050-1-1024x1534.jpg 1024w, http:\/\/mine2rien.fr\/wp-content\/uploads\/2023\/06\/20200315_114050-1-721x1080.jpg 721w, http:\/\/mine2rien.fr\/wp-content\/uploads\/2023\/06\/20200315_114050-1-scaled.jpg 1709w\" sizes=\"auto, (max-width: 684px) 100vw, 684px\" \/><\/figure>\n\n\n\n<figure class=\"wp-block-image size-large\"><img loading=\"lazy\" decoding=\"async\" width=\"768\" height=\"1024\" src=\"http:\/\/mine2rien.fr\/wp-content\/uploads\/2023\/06\/La-secte-des-egoistes-1-768x1024.jpg\" alt=\"\" class=\"wp-image-179\" srcset=\"http:\/\/mine2rien.fr\/wp-content\/uploads\/2023\/06\/La-secte-des-egoistes-1-768x1024.jpg 768w, http:\/\/mine2rien.fr\/wp-content\/uploads\/2023\/06\/La-secte-des-egoistes-1-225x300.jpg 225w, http:\/\/mine2rien.fr\/wp-content\/uploads\/2023\/06\/La-secte-des-egoistes-1-1152x1536.jpg 1152w, http:\/\/mine2rien.fr\/wp-content\/uploads\/2023\/06\/La-secte-des-egoistes-1-1536x2048.jpg 1536w, http:\/\/mine2rien.fr\/wp-content\/uploads\/2023\/06\/La-secte-des-egoistes-1-1024x1365.jpg 1024w, http:\/\/mine2rien.fr\/wp-content\/uploads\/2023\/06\/La-secte-des-egoistes-1-810x1080.jpg 810w, http:\/\/mine2rien.fr\/wp-content\/uploads\/2023\/06\/La-secte-des-egoistes-1-scaled.jpg 1920w\" sizes=\"auto, (max-width: 768px) 100vw, 768px\" \/><\/figure>\n\n\n\n<figure class=\"wp-block-image size-large\"><img loading=\"lazy\" decoding=\"async\" width=\"768\" height=\"1024\" src=\"http:\/\/mine2rien.fr\/wp-content\/uploads\/2023\/06\/20200318_224845-768x1024.jpg\" alt=\"\" class=\"wp-image-181\" srcset=\"http:\/\/mine2rien.fr\/wp-content\/uploads\/2023\/06\/20200318_224845-768x1024.jpg 768w, http:\/\/mine2rien.fr\/wp-content\/uploads\/2023\/06\/20200318_224845-225x300.jpg 225w, http:\/\/mine2rien.fr\/wp-content\/uploads\/2023\/06\/20200318_224845-1152x1536.jpg 1152w, http:\/\/mine2rien.fr\/wp-content\/uploads\/2023\/06\/20200318_224845-1536x2048.jpg 1536w, http:\/\/mine2rien.fr\/wp-content\/uploads\/2023\/06\/20200318_224845-1024x1365.jpg 1024w, http:\/\/mine2rien.fr\/wp-content\/uploads\/2023\/06\/20200318_224845-810x1080.jpg 810w, http:\/\/mine2rien.fr\/wp-content\/uploads\/2023\/06\/20200318_224845-scaled.jpg 1920w\" sizes=\"auto, (max-width: 768px) 100vw, 768px\" \/><\/figure>\n\n\n\n<figure class=\"wp-block-image size-large\"><img loading=\"lazy\" decoding=\"async\" width=\"576\" height=\"1024\" src=\"http:\/\/mine2rien.fr\/wp-content\/uploads\/2023\/06\/20200804_085619-576x1024.jpg\" alt=\"\" class=\"wp-image-184\" srcset=\"http:\/\/mine2rien.fr\/wp-content\/uploads\/2023\/06\/20200804_085619-576x1024.jpg 576w, http:\/\/mine2rien.fr\/wp-content\/uploads\/2023\/06\/20200804_085619-169x300.jpg 169w, http:\/\/mine2rien.fr\/wp-content\/uploads\/2023\/06\/20200804_085619-768x1365.jpg 768w, http:\/\/mine2rien.fr\/wp-content\/uploads\/2023\/06\/20200804_085619-864x1536.jpg 864w, http:\/\/mine2rien.fr\/wp-content\/uploads\/2023\/06\/20200804_085619-1152x2048.jpg 1152w, http:\/\/mine2rien.fr\/wp-content\/uploads\/2023\/06\/20200804_085619-1024x1820.jpg 1024w, http:\/\/mine2rien.fr\/wp-content\/uploads\/2023\/06\/20200804_085619-608x1080.jpg 608w, http:\/\/mine2rien.fr\/wp-content\/uploads\/2023\/06\/20200804_085619-scaled.jpg 1440w\" sizes=\"auto, (max-width: 576px) 100vw, 576px\" \/><\/figure>\n\n\n\n<figure class=\"wp-block-image size-large\"><img loading=\"lazy\" decoding=\"async\" width=\"768\" height=\"1024\" src=\"http:\/\/mine2rien.fr\/wp-content\/uploads\/2023\/06\/Le-grand-jamais-768x1024.jpg\" alt=\"\" class=\"wp-image-197\" srcset=\"http:\/\/mine2rien.fr\/wp-content\/uploads\/2023\/06\/Le-grand-jamais-768x1024.jpg 768w, http:\/\/mine2rien.fr\/wp-content\/uploads\/2023\/06\/Le-grand-jamais-225x300.jpg 225w, http:\/\/mine2rien.fr\/wp-content\/uploads\/2023\/06\/Le-grand-jamais-1152x1536.jpg 1152w, http:\/\/mine2rien.fr\/wp-content\/uploads\/2023\/06\/Le-grand-jamais-1536x2048.jpg 1536w, http:\/\/mine2rien.fr\/wp-content\/uploads\/2023\/06\/Le-grand-jamais-1024x1365.jpg 1024w, http:\/\/mine2rien.fr\/wp-content\/uploads\/2023\/06\/Le-grand-jamais-810x1080.jpg 810w, http:\/\/mine2rien.fr\/wp-content\/uploads\/2023\/06\/Le-grand-jamais-scaled.jpg 1920w\" sizes=\"auto, (max-width: 768px) 100vw, 768px\" \/><\/figure>\n<\/div>\n\n\n\n<div class=\"wp-block-column is-layout-flow wp-block-column-is-layout-flow\">\n<figure class=\"wp-block-image size-large\"><img loading=\"lazy\" decoding=\"async\" width=\"768\" height=\"1024\" src=\"http:\/\/mine2rien.fr\/wp-content\/uploads\/2023\/06\/La-cite-du-grand-juge-768x1024.jpg\" alt=\"\" class=\"wp-image-177\" srcset=\"http:\/\/mine2rien.fr\/wp-content\/uploads\/2023\/06\/La-cite-du-grand-juge-768x1024.jpg 768w, http:\/\/mine2rien.fr\/wp-content\/uploads\/2023\/06\/La-cite-du-grand-juge-225x300.jpg 225w, http:\/\/mine2rien.fr\/wp-content\/uploads\/2023\/06\/La-cite-du-grand-juge-1152x1536.jpg 1152w, http:\/\/mine2rien.fr\/wp-content\/uploads\/2023\/06\/La-cite-du-grand-juge-1536x2048.jpg 1536w, http:\/\/mine2rien.fr\/wp-content\/uploads\/2023\/06\/La-cite-du-grand-juge-1024x1365.jpg 1024w, http:\/\/mine2rien.fr\/wp-content\/uploads\/2023\/06\/La-cite-du-grand-juge-810x1080.jpg 810w, http:\/\/mine2rien.fr\/wp-content\/uploads\/2023\/06\/La-cite-du-grand-juge-scaled.jpg 1920w\" sizes=\"auto, (max-width: 768px) 100vw, 768px\" \/><\/figure>\n\n\n\n<figure class=\"wp-block-image size-large\"><img loading=\"lazy\" decoding=\"async\" width=\"768\" height=\"1024\" src=\"http:\/\/mine2rien.fr\/wp-content\/uploads\/2023\/06\/Mon-oncle-Oswald-768x1024.jpg\" alt=\"\" class=\"wp-image-178\" srcset=\"http:\/\/mine2rien.fr\/wp-content\/uploads\/2023\/06\/Mon-oncle-Oswald-768x1024.jpg 768w, http:\/\/mine2rien.fr\/wp-content\/uploads\/2023\/06\/Mon-oncle-Oswald-225x300.jpg 225w, http:\/\/mine2rien.fr\/wp-content\/uploads\/2023\/06\/Mon-oncle-Oswald-1152x1536.jpg 1152w, http:\/\/mine2rien.fr\/wp-content\/uploads\/2023\/06\/Mon-oncle-Oswald-1536x2048.jpg 1536w, http:\/\/mine2rien.fr\/wp-content\/uploads\/2023\/06\/Mon-oncle-Oswald-1024x1365.jpg 1024w, http:\/\/mine2rien.fr\/wp-content\/uploads\/2023\/06\/Mon-oncle-Oswald-810x1080.jpg 810w, http:\/\/mine2rien.fr\/wp-content\/uploads\/2023\/06\/Mon-oncle-Oswald-scaled.jpg 1920w\" sizes=\"auto, (max-width: 768px) 100vw, 768px\" \/><\/figure>\n\n\n\n<figure class=\"wp-block-image size-large\"><img loading=\"lazy\" decoding=\"async\" width=\"576\" height=\"1024\" src=\"http:\/\/mine2rien.fr\/wp-content\/uploads\/2023\/06\/20200623_195242-576x1024.jpg\" alt=\"\" class=\"wp-image-182\" srcset=\"http:\/\/mine2rien.fr\/wp-content\/uploads\/2023\/06\/20200623_195242-576x1024.jpg 576w, http:\/\/mine2rien.fr\/wp-content\/uploads\/2023\/06\/20200623_195242-169x300.jpg 169w, http:\/\/mine2rien.fr\/wp-content\/uploads\/2023\/06\/20200623_195242-768x1365.jpg 768w, http:\/\/mine2rien.fr\/wp-content\/uploads\/2023\/06\/20200623_195242-864x1536.jpg 864w, http:\/\/mine2rien.fr\/wp-content\/uploads\/2023\/06\/20200623_195242-1152x2048.jpg 1152w, http:\/\/mine2rien.fr\/wp-content\/uploads\/2023\/06\/20200623_195242-1024x1820.jpg 1024w, http:\/\/mine2rien.fr\/wp-content\/uploads\/2023\/06\/20200623_195242-608x1080.jpg 608w, http:\/\/mine2rien.fr\/wp-content\/uploads\/2023\/06\/20200623_195242-scaled.jpg 1440w\" sizes=\"auto, (max-width: 576px) 100vw, 576px\" \/><\/figure>\n\n\n\n<figure class=\"wp-block-image size-large\"><img loading=\"lazy\" decoding=\"async\" width=\"642\" height=\"1024\" src=\"http:\/\/mine2rien.fr\/wp-content\/uploads\/2023\/06\/20201020_151533-1-642x1024.jpg\" alt=\"\" class=\"wp-image-185\" srcset=\"http:\/\/mine2rien.fr\/wp-content\/uploads\/2023\/06\/20201020_151533-1-642x1024.jpg 642w, http:\/\/mine2rien.fr\/wp-content\/uploads\/2023\/06\/20201020_151533-1-188x300.jpg 188w, http:\/\/mine2rien.fr\/wp-content\/uploads\/2023\/06\/20201020_151533-1-768x1225.jpg 768w, http:\/\/mine2rien.fr\/wp-content\/uploads\/2023\/06\/20201020_151533-1-963x1536.jpg 963w, http:\/\/mine2rien.fr\/wp-content\/uploads\/2023\/06\/20201020_151533-1-1284x2048.jpg 1284w, http:\/\/mine2rien.fr\/wp-content\/uploads\/2023\/06\/20201020_151533-1-1024x1634.jpg 1024w, http:\/\/mine2rien.fr\/wp-content\/uploads\/2023\/06\/20201020_151533-1-677x1080.jpg 677w, http:\/\/mine2rien.fr\/wp-content\/uploads\/2023\/06\/20201020_151533-1.jpg 1549w\" sizes=\"auto, (max-width: 642px) 100vw, 642px\" \/><\/figure>\n\n\n<\/div>\n<\/div>\n","protected":false},"excerpt":{"rendered":"<p>j&rsquo;ai choisi de vous partager quelques unes de mes meilleures lectures. Elles m&rsquo;ont toutes inspir\u00e9es et totalement \u00e9merveill\u00e9es. Certains livres sont pour moi d&rsquo;authentiques r\u00e9f\u00e9rences, d&rsquo;autres sont de vrai d\u00e9couvertes ou simplement des coup de c\u0153urs. En vous souhaitant une bonne lecture.<\/p>\n","protected":false},"author":2,"featured_media":0,"parent":0,"menu_order":0,"comment_status":"closed","ping_status":"closed","template":"","meta":{"footnotes":""},"class_list":["post-100","page","type-page","status-publish","hentry"],"_links":{"self":[{"href":"http:\/\/mine2rien.fr\/index.php\/wp-json\/wp\/v2\/pages\/100","targetHints":{"allow":["GET"]}}],"collection":[{"href":"http:\/\/mine2rien.fr\/index.php\/wp-json\/wp\/v2\/pages"}],"about":[{"href":"http:\/\/mine2rien.fr\/index.php\/wp-json\/wp\/v2\/types\/page"}],"author":[{"embeddable":true,"href":"http:\/\/mine2rien.fr\/index.php\/wp-json\/wp\/v2\/users\/2"}],"replies":[{"embeddable":true,"href":"http:\/\/mine2rien.fr\/index.php\/wp-json\/wp\/v2\/comments?post=100"}],"version-history":[{"count":2,"href":"http:\/\/mine2rien.fr\/index.php\/wp-json\/wp\/v2\/pages\/100\/revisions"}],"predecessor-version":[{"id":201,"href":"http:\/\/mine2rien.fr\/index.php\/wp-json\/wp\/v2\/pages\/100\/revisions\/201"}],"wp:attachment":[{"href":"http:\/\/mine2rien.fr\/index.php\/wp-json\/wp\/v2\/media?parent=100"}],"curies":[{"name":"wp","href":"https:\/\/api.w.org\/{rel}","templated":true}]}}