{"id":288,"date":"2023-07-06T17:58:45","date_gmt":"2023-07-06T15:58:45","guid":{"rendered":"http:\/\/mine2rien.fr\/?page_id=288"},"modified":"2024-02-12T15:04:19","modified_gmt":"2024-02-12T14:04:19","slug":"linconnu-poetique","status":"publish","type":"page","link":"http:\/\/mine2rien.fr\/index.php\/linconnu-poetique\/","title":{"rendered":"L&rsquo;inconnue po\u00e9tique"},"content":{"rendered":"\n<p>Voir, se voir, se revoir ?<br>Deux yeux racine carr\u00e9 de un regard.<br>Je t&rsquo;aime \u2026 Oui mais, c&rsquo;est compliqu\u00e9.<br>A vrai dire, pos\u00e9 l\u00e0, comme \u00e7a,<br>Un probl\u00e8me somme tout un peu banal,<br>Une \u00e9quation complexe o\u00f9 (A) cherche son \u00e9gal.<br>Etant donn\u00e9,<br>Une imbrication de contextes,<br>Gribouill\u00e9s dans la marge d&rsquo;un calendrier de dates \u00e0 damn\u00e9es,<br>O\u00f9 rien de conteste, les maladresses et les actes manqu\u00e9s.<br>Alors \u00e9crire un nouveau th\u00e9or\u00e8me,<br>Comme un m\u00e9t\u00e9ore s\u00e8me,<br>Des poussi\u00e8res de \u00ab\u00a0Je t&rsquo;aime\u00a0\u00bb&#8230;<br>A vrai dire, l&rsquo;\u00e9quation est complexe.<br>Poser (A) en inconnue po\u00e9tique,<br>Facteur de 2 puissances 10-tances sur Py<br>Racine carr\u00e9 d&rsquo;un tout multiple de 1.<br>Mettre la probl\u00e9matique entre parenth\u00e8ses,<br>D\u00e9coder les symboles et en faire la synth\u00e8se,<br>Avec un peu de bol et quelques hypoth\u00e8ses,<br>On trouvera, peut-\u00eatre, l&rsquo;inconnue po\u00e9tique.<br>Ou alors,<br>Tirer un trait et prendre la tangente<br>Et virer \u00e0 90\u00b0 en restant bien d&rsquo;\u00e9querre !<br>Mais surtout, ne perpendiculaire pas mon amour,<br>C&rsquo;est bien trop carr\u00e9\u2026<br>Etant donn\u00e9,<br>Deux vie parall\u00e8les, sans ligne de fuite,<br>Sans perspective ni r\u00e8gle de conduite.<br>Tirer un peu sur l&rsquo;\u00e9lastique !?<br>Prendre quelques risques !?<br>All\u00e9, on va<br>Additionner nos exp\u00e9riences un peu trash,<br>Soustraire les quelques mots qui f\u00e2chent,<br>Annuler les coups pour rein,<br>Les nuits sans lendemain,<br>Et retenir quelques fractales de ciel bleu,<br>M\u00eame si, \u00e7a p\u00e8se pas lourd,<br>A vrai dire, c&rsquo;est si peu.<br>Le r\u00e9sultat est sans appel.<br>Pas besoin d&rsquo;\u00e9plucher le panel,<br>Pour voir qu&rsquo;on multiplie les exp\u00e9riences <br>Qui divisent toutes nos chances <br>Par 2 racines carr\u00e9es d&rsquo;un truc qui tourne pas rond !<br>Le probl\u00e8me reste entier, j&rsquo;ai pas la solution !<br>J&rsquo;ai beau chercher l&rsquo;erreur,<br>Recommencer \u00e0 \u00ab\u00a0Il \u00e9tait une fois \u2026\u00a0\u00bb<br>Faire le compte de nos petits bonheurs<br>En recomptant sur mes doigts,<br>Y a un impair, aux d\u00e9cimales d\u00e9cim\u00e9es<br>Par une erreur d&rsquo;\u00e9nonc\u00e9.<br>Alors, qu&rsquo;est-ce qu&rsquo;on fait?<br>On sp\u00e9cule ?! On refait les calculs ?!<br>All\u00e9 \u2026 On va<br>Chercher une formule fiable,<br>Ebaucher une g\u00e9om\u00e9trie variable,<br>Dessiner des courbes sans calculs ni coordonn\u00e9es<br>Et d\u00e9cider des espace-temps donn\u00e9s \u00e0 s&rsquo;abandonn\u00e9\u2026<br>On va \u2026<br>Arrondir les angles et s&rsquo;offrir une parabole.<br>Avec un peu de bol, + ou &#8211; infini,<br>On trouvera l&rsquo;inconnue po\u00e9tique et tous se qui nous relie.<br>All\u00e9 \u2026<br>La solution n&rsquo;est pas loin.<br>Je la sens, elle vient \u2026<br>\u2026 Reprenons tout depuis le d\u00e9but :<br>Il \u00e9tait une fois, 2 inconnus, <br>Pos\u00e9s en grand A,<br>Et un nouveau th\u00e9or\u00e8me,<br>Comme un m\u00e9t\u00e9ore s\u00e8me,<br>Des poussi\u00e8res de \u00ab\u00a0Je t&rsquo;aime\u00a0\u00bb \u2026<br>2 yeux, racine carr\u00e9 de 1 regard \u2026<br>Voir, se voir, se revoir \u2026<br>Mais ne jamais, jamais se dire aurevoir.<\/p>\n","protected":false},"excerpt":{"rendered":"<p>Voir, se voir, se revoir ?Deux yeux racine carr\u00e9 de un regard.Je t&rsquo;aime \u2026 Oui mais, c&rsquo;est compliqu\u00e9.A vrai dire, pos\u00e9 l\u00e0, comme \u00e7a,Un probl\u00e8me somme tout un peu banal,Une \u00e9quation complexe o\u00f9 (A) cherche son \u00e9gal.Etant donn\u00e9,Une imbrication de contextes,Gribouill\u00e9s dans la marge d&rsquo;un calendrier de dates \u00e0 damn\u00e9es,O\u00f9 rien de conteste, les maladresses&hellip; <br \/> <a class=\"read-more\" href=\"http:\/\/mine2rien.fr\/index.php\/linconnu-poetique\/\">Lire la suite<\/a><\/p>\n","protected":false},"author":2,"featured_media":0,"parent":0,"menu_order":0,"comment_status":"closed","ping_status":"closed","template":"","meta":{"footnotes":""},"class_list":["post-288","page","type-page","status-publish","hentry"],"_links":{"self":[{"href":"http:\/\/mine2rien.fr\/index.php\/wp-json\/wp\/v2\/pages\/288","targetHints":{"allow":["GET"]}}],"collection":[{"href":"http:\/\/mine2rien.fr\/index.php\/wp-json\/wp\/v2\/pages"}],"about":[{"href":"http:\/\/mine2rien.fr\/index.php\/wp-json\/wp\/v2\/types\/page"}],"author":[{"embeddable":true,"href":"http:\/\/mine2rien.fr\/index.php\/wp-json\/wp\/v2\/users\/2"}],"replies":[{"embeddable":true,"href":"http:\/\/mine2rien.fr\/index.php\/wp-json\/wp\/v2\/comments?post=288"}],"version-history":[{"count":2,"href":"http:\/\/mine2rien.fr\/index.php\/wp-json\/wp\/v2\/pages\/288\/revisions"}],"predecessor-version":[{"id":365,"href":"http:\/\/mine2rien.fr\/index.php\/wp-json\/wp\/v2\/pages\/288\/revisions\/365"}],"wp:attachment":[{"href":"http:\/\/mine2rien.fr\/index.php\/wp-json\/wp\/v2\/media?parent=288"}],"curies":[{"name":"wp","href":"https:\/\/api.w.org\/{rel}","templated":true}]}}