{"id":71,"date":"2023-06-26T14:34:09","date_gmt":"2023-06-26T12:34:09","guid":{"rendered":"http:\/\/mine2rien.fr\/?page_id=71"},"modified":"2024-02-12T15:04:52","modified_gmt":"2024-02-12T14:04:52","slug":"poesies","status":"publish","type":"page","link":"http:\/\/mine2rien.fr\/index.php\/poesies\/","title":{"rendered":"Po\u00e9sies"},"content":{"rendered":"\n<div class=\"wp-block-columns is-layout-flex wp-container-core-columns-is-layout-9d6595d7 wp-block-columns-is-layout-flex\">\n<div class=\"wp-block-column is-layout-flow wp-block-column-is-layout-flow\">\n<h2 class=\"wp-block-heading has-vivid-purple-color has-text-color\">M\u00e9taflore<\/h2>\n\n\n\n<p class=\"has-black-color has-text-color\">La po\u00e9sie, Poppy,<br>Est partout o\u00f9 on veut bien la voir.<br>Elle tra\u00eene, tard le soir au fond des bars<br>Et d\u00e9borde sur les trottoirs.<br>La po\u00e9sie, Poppy,<br>Est une petite graine d&rsquo;infini<br>Qui sommeille depuis la nuit des temps.<br>Elle attend\u2026<br>Parfois le nombres des ann\u00e9es<br>Pour se manifester.<br>L\u00e0, ici et maintenant\u2026<br>En quelques mots, elle germe et prend racine<br>Dans le c\u0153ur du po\u00e8te que la muse fascine.<br>Il croit facile de la faire sienne et la fa\u00e7onne<br>Mais, la po\u00e9sie, Poppy<br>Est une herbe folle<br>Insoumise et frivole.<br>Un esprit libre que rien ne raisonne.<br>Qu&rsquo;on lui coupe l&rsquo;herbe sous le pied<br>Et elle foisonne<br>En gerbe, \u00e9clatante \u00e9clat\u00e9e&nbsp;!<br>Car, la po\u00e9sie, Po&nbsp;! Po&nbsp;! Poppy<br>N&rsquo;est qu&rsquo;une roule ta bille<br>Ne laissant qu&rsquo;un stylo pour b\u00e9quille<br>Et si tes rimes sont bancales,<br>Elle, elle s&rsquo;en fou&nbsp;!<br>Si c&rsquo;est du beau, du bon, d&rsquo;la balle<br>Un point c&rsquo;est tout.<br>Elle, fleurit dans tous les langages<br>Et voyage sans bagages.<br>Port\u00e9 par le vent,<br>Elle se conjugue et s&rsquo;acclimate \u00e0 tous les temps.<br>Elle, se gorge de lumi\u00e8re<br>Et fait de l&rsquo;ombre au terre-\u00e0-terre.<br>Car, la po\u00e9sie, Poppy<br>N&rsquo;a pas de sens, de poids ni de mesure.<br>C&rsquo;est une clef de Sol aux portes sans serrures.<br>Elle \u00e9clot et se p\u00e2me,<br>S&rsquo;effeuille avec des \u00e9tats d&rsquo;\u00e2me.<br>Elle transpire, \u00e0 la fleur de nos peaux<br>Et de l&rsquo;esprit se fait l&rsquo;\u00e9cho.<br>C&rsquo;est une essence volatile embaumant<br>Tous les beaux mots sem\u00e9s dans le vent.<br>Car, la po\u00e9sie, Poppy<br>Se cueille au pied de la lettre<br>A l&rsquo;abri des para\u00eetre.<br>Et quand on croit que c&rsquo;est fini,<br>La po\u00e9sie, Poppy<br>S&rsquo;\u00e9gr\u00e8ne en pri\u00e8res et m\u00eame sa fanaison<br>Porte en elle, les graines d&rsquo;une autre saison\u2026<\/p>\n\n\n\n<p><\/p>\n<\/div>\n\n\n\n<div class=\"wp-block-column is-layout-flow wp-block-column-is-layout-flow\">\n<h2 class=\"wp-block-heading has-vivid-purple-color has-text-color\">\u00catre &amp; Avoir<\/h2>\n\n\n\n<p class=\"has-black-color has-text-color\">\u00catre ou ne pas \u00eatre, n&rsquo;est plus l&rsquo;objet de la question<br>\u00catre et Avoir sont assis en chien de fa\u00efence<br>Et se regardent dans le blanc du bleu<br>\u00catre en vie, ou, Avoir envie?<br>Dans le blanc du bleu,<br>\u00catre sur le seuil et faire peau de soie<br>Avoir du c\u0153ur et savoir donner de soi<br>\u00catre \u00e0 nu et avoir de la pudeur<br>\u00catre sensible et avoir du tact<br>\u00catre directe et avoir du contact<br>La, ici et maintenant<br>\u00catre pr\u00e9sent, c&rsquo;est avoir un avenir<br>Car \u00eatre ensemble, c&rsquo;est avoir une histoire<br>All\u00e9&#8230; Laisse aller<br>La vague \u00e0 tes pieds<br>Tout polir et tout lisser<br>Laisse-moi cocher, d\u00e9cocher, ricocher&#8230;<br>Dans le blanc du bleu<br>\u00catre quantique et avoir un principe d&rsquo;incertitude<br>\u00catre une femme et avoir des couilles<br>\u00catre \u00e9nerv\u00e9e et avoir &#8230; ses r\u00e8gles<br>\u00catre belle et avoir du charme<br>\u00catre un ange et avoir &#8230; le diable<br>\u00catre amoureux, ou, avoir un coup de foudre?<br>\u00catre bless\u00e9e et avoir du plomb dans l&rsquo;aile<br>All\u00e9 &#8230; Laisse aller<br>La vague \u00e0 tes pieds<br>Tout polir et tout lisser<br>Laisse-moi cocher, d\u00e9cocher, ricocher &#8230;<br>Dans le blanc du bleu<br>\u00catre libre, ou, avoir le droit ?<br>Ce qui est s\u00fbr, c&rsquo;est que<br>Entre changer ce que l&rsquo;on est<br>Et, sublimer ce que l&rsquo;on a,<br>Quelqu&rsquo;un va pleurer des perles<br>En dix puissance dix<br>Racine carr\u00e9 d&rsquo;un Tout<br>Mon amour.<br>L&rsquo;amour, il faut l&rsquo;avoir<br>Pour \u00eatre entier.<\/p>\n<\/div>\n<\/div>\n\n\n\n<h2 class=\"wp-block-heading has-vivid-purple-color has-text-color has-medium-font-size\">Slam \/ Fable du Blaireau, la Souris et la Chatte<\/h2>\n\n\n\n<figure class=\"wp-block-video\"><video height=\"720\" style=\"aspect-ratio: 1280 \/ 720;\" width=\"1280\" controls src=\"http:\/\/mine2rien.fr\/wp-content\/uploads\/2023\/06\/Mine2Rien-Nuit-du-Slam-29022020.mp4\"><\/video><figcaption class=\"wp-element-caption\">Nuits du Slam 2020 Toulouse<\/figcaption><\/figure>\n\n\n\n<div class=\"wp-block-columns is-layout-flex wp-container-core-columns-is-layout-9d6595d7 wp-block-columns-is-layout-flex\">\n<div class=\"wp-block-column is-layout-flow wp-block-column-is-layout-flow\">\n<div class=\"wp-block-columns is-layout-flex wp-container-core-columns-is-layout-9d6595d7 wp-block-columns-is-layout-flex\">\n<div class=\"wp-block-column is-layout-flow wp-block-column-is-layout-flow\">\n<h2 class=\"wp-block-heading has-text-align-center\">Poussi\u00e8res<\/h2>\n\n\n\n<p class=\"has-black-color has-text-color\">J&rsquo;ouvre la porte.<br>La serrure se souvient\u2026<br>Tout semble surprit, \u00e9tonn\u00e9.<br>La poussi\u00e8re a meubl\u00e9 l&rsquo;absence<br>Des jours, des mois, des ann\u00e9es&#8230;&nbsp;<br>Le temps microphage a dig\u00e9r\u00e9<br>Les parfums tapis dans les moquettes.<br>Tout est mordu de poussi\u00e8re.<br>Les jours, les mois, les ann\u00e9es\u2026<br>Un d\u00e9cors, un plan fixe,&nbsp;<br>Un arr\u00eat sur image,&nbsp;<br>Recouvert d&rsquo;un voile gris de m\u00e9lancolie.<br>Quelque chose, suffoque et s&rsquo;asphyxie.<br>Derri\u00e8re un mur de rideaux clos.&nbsp;<br>La commode au ventre vide,&nbsp;<br>Le lit nu, les photos\u2026&nbsp;<br>Tout est mort et d\u00fbe \u00e0 la poussi\u00e8re.&nbsp;<br>Dehors, il pleut de l&rsquo;or en infortune&nbsp;<br>Un soleil de plomb p\u00e8se&nbsp;<br>Sur les bords de la fen\u00eatre.<br>La poussi\u00e8re languit.<br>Attends un souffle de vie.&nbsp;<br>Quelque chose, veut respirer.&nbsp;<br>J&rsquo;ouvre la fen\u00eatre.&nbsp;<br>Huit minutes et des poussi\u00e8res&nbsp;<br>Secouent&nbsp;<br>Les jours, les mois, les ann\u00e9es.<br>La lumi\u00e8re se souvient \u2026<\/p>\n<\/div>\n\n\n\n<div class=\"wp-block-column is-layout-flow wp-block-column-is-layout-flow\">\n<figure class=\"wp-block-image size-large\"><img loading=\"lazy\" decoding=\"async\" width=\"1024\" height=\"461\" src=\"http:\/\/mine2rien.fr\/wp-content\/uploads\/2023\/06\/Screenshot_2022-11-17-10-35-20-21_f9ee0578fe1cc94de7482bd41accb329-1024x461.jpg\" alt=\"\" class=\"wp-image-142\" srcset=\"http:\/\/mine2rien.fr\/wp-content\/uploads\/2023\/06\/Screenshot_2022-11-17-10-35-20-21_f9ee0578fe1cc94de7482bd41accb329-1024x461.jpg 1024w, http:\/\/mine2rien.fr\/wp-content\/uploads\/2023\/06\/Screenshot_2022-11-17-10-35-20-21_f9ee0578fe1cc94de7482bd41accb329-300x135.jpg 300w, http:\/\/mine2rien.fr\/wp-content\/uploads\/2023\/06\/Screenshot_2022-11-17-10-35-20-21_f9ee0578fe1cc94de7482bd41accb329-768x346.jpg 768w, http:\/\/mine2rien.fr\/wp-content\/uploads\/2023\/06\/Screenshot_2022-11-17-10-35-20-21_f9ee0578fe1cc94de7482bd41accb329-1536x691.jpg 1536w, http:\/\/mine2rien.fr\/wp-content\/uploads\/2023\/06\/Screenshot_2022-11-17-10-35-20-21_f9ee0578fe1cc94de7482bd41accb329-2048x922.jpg 2048w, http:\/\/mine2rien.fr\/wp-content\/uploads\/2023\/06\/Screenshot_2022-11-17-10-35-20-21_f9ee0578fe1cc94de7482bd41accb329-1920x864.jpg 1920w\" sizes=\"auto, (max-width: 1024px) 100vw, 1024px\" \/><\/figure>\n\n\n\n<h2 class=\"wp-block-heading has-vivid-purple-color has-text-color\"><\/h2>\n<\/div>\n<\/div>\n<\/div>\n<\/div>\n\n\n\n<div class=\"wp-block-columns is-layout-flex wp-container-core-columns-is-layout-9d6595d7 wp-block-columns-is-layout-flex\">\n<div class=\"wp-block-column is-layout-flow wp-block-column-is-layout-flow\">\n<h2 class=\"wp-block-heading\">L&rsquo;inconnu po\u00e9tique<\/h2>\n\n\n\n<p>Voir, se voir, se revoir ?<br>Deux yeux racine carr\u00e9 de un regard.<br>Je t&rsquo;aime&#8230; Oui mais, c&rsquo;est compliqu\u00e9.<br>A vrai dire, pos\u00e9 l\u00e0, comme \u00e7a,<br>Un probl\u00e8me somme tout un peu banal,<br>Une \u00e9quation complexe o\u00f9 (A) cherche son \u00e9gal.<br>Etant donn\u00e9,<br>Une imbrication de contextes,<br>Gribouill\u00e9s dans la marge d&rsquo;un calendrier de dates \u00e0 damn\u00e9es, o\u00f9 rien ne conteste,<br>Les maladresses et les actes manqu\u00e9s.<br>Alors \u00e9crire un nouveau th\u00e9or\u00e8me,<br>Comme un m\u00e9t\u00e9ore s\u00e8me,<br>Des poussi\u00e8res de \u00ab\u00a0Je t&rsquo;aime\u00a0\u00bb.<br>A vrai dire, l&rsquo;\u00e9quation est complexe.<br>Poser (A) en inconnu po\u00e9tique,<br>Facteur de 2 puissances 10-tances sur Py<br>Racine carr\u00e9 d&rsquo;un tout multiple de 1.<br>Mettre la probl\u00e9matique entre parenth\u00e8ses,<br>D\u00e9coder les symboles et en faire la synth\u00e8se,<br>Avec un peu de bol et quelques hypoth\u00e8ses,<br>On trouvera, peut-\u00eatre, l&rsquo;inconnu po\u00e9tique.<br>Ou alors, <br>Tirer un trait, prendre la tangente<br>Et virer \u00e0 90\u00b0 en restant bien d&rsquo;\u00e9querre !<br>Mais surtout, ne perpendiculaire pas mon amour !<br>C&rsquo;est trop carr\u00e9, \u00e9tant donn\u00e9,<br>Deux vie parall\u00e8les, sans ligne de fuite,<br>Sans perspective, ni r\u00e8gle de conduite<\/p>\n<\/div>\n\n\n\n<div class=\"wp-block-column is-layout-flow wp-block-column-is-layout-flow\">\n<figure class=\"wp-block-image size-large\"><img loading=\"lazy\" decoding=\"async\" width=\"767\" height=\"1024\" src=\"http:\/\/mine2rien.fr\/wp-content\/uploads\/2023\/07\/IMG_20230704_180255-2-767x1024.jpg\" alt=\"\" class=\"wp-image-281\" srcset=\"http:\/\/mine2rien.fr\/wp-content\/uploads\/2023\/07\/IMG_20230704_180255-2-767x1024.jpg 767w, http:\/\/mine2rien.fr\/wp-content\/uploads\/2023\/07\/IMG_20230704_180255-2-225x300.jpg 225w, http:\/\/mine2rien.fr\/wp-content\/uploads\/2023\/07\/IMG_20230704_180255-2-768x1025.jpg 768w, http:\/\/mine2rien.fr\/wp-content\/uploads\/2023\/07\/IMG_20230704_180255-2-1024x1367.jpg 1024w, http:\/\/mine2rien.fr\/wp-content\/uploads\/2023\/07\/IMG_20230704_180255-2-809x1080.jpg 809w, http:\/\/mine2rien.fr\/wp-content\/uploads\/2023\/07\/IMG_20230704_180255-2.jpg 1080w\" sizes=\"auto, (max-width: 767px) 100vw, 767px\" \/><\/figure>\n<\/div>\n<\/div>\n\n\n\n<p>Lire la solution <a href=\"http:\/\/mine2rien.fr\/index.php\/linconnu-poetique\/\" data-type=\"page\" data-id=\"288\">L\u2019inconnu po\u00e9tique<\/a><\/p>\n\n\n\n<div class=\"wp-block-columns is-layout-flex wp-container-core-columns-is-layout-9d6595d7 wp-block-columns-is-layout-flex\">\n<div class=\"wp-block-column is-layout-flow wp-block-column-is-layout-flow\">\n<p>Lire la suite <a href=\"http:\/\/mine2rien.fr\/index.php\/les-autres\/\" data-type=\"page\" data-id=\"349\">Les Autres<\/a> <\/p>\n<\/div>\n\n\n\n<div class=\"wp-block-column is-layout-flow wp-block-column-is-layout-flow\"><\/div>\n<\/div>\n\n\n\n<p class=\"has-black-color has-text-color has-medium-font-size\"><\/p>\n\n\n\n<div class=\"wp-block-columns is-layout-flex wp-container-core-columns-is-layout-9d6595d7 wp-block-columns-is-layout-flex\">\n<div class=\"wp-block-column is-layout-flow wp-block-column-is-layout-flow\">\n<figure class=\"wp-block-image size-large\"><img loading=\"lazy\" decoding=\"async\" width=\"683\" height=\"1024\" src=\"http:\/\/mine2rien.fr\/wp-content\/uploads\/2023\/07\/tumblr_nour8pHdID1uw8e7wo10_1280-683x1024.jpg\" alt=\"\" class=\"wp-image-295\" srcset=\"http:\/\/mine2rien.fr\/wp-content\/uploads\/2023\/07\/tumblr_nour8pHdID1uw8e7wo10_1280-683x1024.jpg 683w, http:\/\/mine2rien.fr\/wp-content\/uploads\/2023\/07\/tumblr_nour8pHdID1uw8e7wo10_1280-200x300.jpg 200w, http:\/\/mine2rien.fr\/wp-content\/uploads\/2023\/07\/tumblr_nour8pHdID1uw8e7wo10_1280-768x1152.jpg 768w, http:\/\/mine2rien.fr\/wp-content\/uploads\/2023\/07\/tumblr_nour8pHdID1uw8e7wo10_1280-1024x1536.jpg 1024w, http:\/\/mine2rien.fr\/wp-content\/uploads\/2023\/07\/tumblr_nour8pHdID1uw8e7wo10_1280-720x1080.jpg 720w, http:\/\/mine2rien.fr\/wp-content\/uploads\/2023\/07\/tumblr_nour8pHdID1uw8e7wo10_1280.jpg 1280w\" sizes=\"auto, (max-width: 683px) 100vw, 683px\" \/><\/figure>\n<\/div>\n\n\n\n<div class=\"wp-block-column is-layout-flow wp-block-column-is-layout-flow\">\n<figure class=\"wp-block-image size-large is-resized\"><img loading=\"lazy\" decoding=\"async\" src=\"http:\/\/mine2rien.fr\/wp-content\/uploads\/2023\/07\/tumblr_nooyc9x0qP1uw8e7wo8_1280-813x1024.jpg\" alt=\"\" class=\"wp-image-294\" width=\"475\" height=\"598\" srcset=\"http:\/\/mine2rien.fr\/wp-content\/uploads\/2023\/07\/tumblr_nooyc9x0qP1uw8e7wo8_1280-813x1024.jpg 813w, http:\/\/mine2rien.fr\/wp-content\/uploads\/2023\/07\/tumblr_nooyc9x0qP1uw8e7wo8_1280-238x300.jpg 238w, http:\/\/mine2rien.fr\/wp-content\/uploads\/2023\/07\/tumblr_nooyc9x0qP1uw8e7wo8_1280-768x968.jpg 768w, http:\/\/mine2rien.fr\/wp-content\/uploads\/2023\/07\/tumblr_nooyc9x0qP1uw8e7wo8_1280-1219x1536.jpg 1219w, http:\/\/mine2rien.fr\/wp-content\/uploads\/2023\/07\/tumblr_nooyc9x0qP1uw8e7wo8_1280-1024x1290.jpg 1024w, http:\/\/mine2rien.fr\/wp-content\/uploads\/2023\/07\/tumblr_nooyc9x0qP1uw8e7wo8_1280-857x1080.jpg 857w, http:\/\/mine2rien.fr\/wp-content\/uploads\/2023\/07\/tumblr_nooyc9x0qP1uw8e7wo8_1280.jpg 1280w\" sizes=\"auto, (max-width: 475px) 100vw, 475px\" \/><\/figure>\n<\/div>\n<\/div>\n","protected":false},"excerpt":{"rendered":"<p>M\u00e9taflore La po\u00e9sie, Poppy,Est partout o\u00f9 on veut bien la voir.Elle tra\u00eene, tard le soir au fond des barsEt d\u00e9borde sur les trottoirs.La po\u00e9sie, Poppy,Est une petite graine d&rsquo;infiniQui sommeille depuis la nuit des temps.Elle attend\u2026Parfois le nombres des ann\u00e9esPour se manifester.L\u00e0, ici et maintenant\u2026En quelques mots, elle germe et prend racineDans le c\u0153ur du&hellip; <br \/> <a class=\"read-more\" href=\"http:\/\/mine2rien.fr\/index.php\/poesies\/\">Lire la suite<\/a><\/p>\n","protected":false},"author":2,"featured_media":0,"parent":0,"menu_order":0,"comment_status":"closed","ping_status":"closed","template":"","meta":{"footnotes":""},"class_list":["post-71","page","type-page","status-publish","hentry"],"_links":{"self":[{"href":"http:\/\/mine2rien.fr\/index.php\/wp-json\/wp\/v2\/pages\/71","targetHints":{"allow":["GET"]}}],"collection":[{"href":"http:\/\/mine2rien.fr\/index.php\/wp-json\/wp\/v2\/pages"}],"about":[{"href":"http:\/\/mine2rien.fr\/index.php\/wp-json\/wp\/v2\/types\/page"}],"author":[{"embeddable":true,"href":"http:\/\/mine2rien.fr\/index.php\/wp-json\/wp\/v2\/users\/2"}],"replies":[{"embeddable":true,"href":"http:\/\/mine2rien.fr\/index.php\/wp-json\/wp\/v2\/comments?post=71"}],"version-history":[{"count":33,"href":"http:\/\/mine2rien.fr\/index.php\/wp-json\/wp\/v2\/pages\/71\/revisions"}],"predecessor-version":[{"id":379,"href":"http:\/\/mine2rien.fr\/index.php\/wp-json\/wp\/v2\/pages\/71\/revisions\/379"}],"wp:attachment":[{"href":"http:\/\/mine2rien.fr\/index.php\/wp-json\/wp\/v2\/media?parent=71"}],"curies":[{"name":"wp","href":"https:\/\/api.w.org\/{rel}","templated":true}]}}